{"id":1333,"date":"2025-07-28T09:16:05","date_gmt":"2025-07-28T09:16:05","guid":{"rendered":"https:\/\/innowriter.com\/?page_id=1333"},"modified":"2025-07-28T10:01:04","modified_gmt":"2025-07-28T10:01:04","slug":"about","status":"publish","type":"page","link":"https:\/\/innowriter.com\/nb\/about\/","title":{"rendered":"Om"},"content":{"rendered":"<div data-elementor-type=\"wp-page\" data-elementor-id=\"1333\" class=\"elementor elementor-1333\" data-elementor-post-type=\"page\">\n\t\t\t\t<div class=\"elementor-element elementor-element-b38a2a2 e-flex e-con-boxed e-con e-parent\" data-id=\"b38a2a2\" data-element_type=\"container\">\n\t\t\t\t\t<div class=\"e-con-inner\">\n\t\t<div class=\"elementor-element elementor-element-f7d91d9 e-con-full e-flex e-con e-child\" data-id=\"f7d91d9\" data-element_type=\"container\">\n\t\t\t\t<div class=\"elementor-element elementor-element-16851c0 elementor-widget elementor-widget-heading\" data-id=\"16851c0\" data-element_type=\"widget\" data-widget_type=\"heading.default\">\n\t\t\t\t\t<h2 class=\"elementor-heading-title elementor-size-default\">Vi hjelper dine oppstartsbedrifter<span class=\"black\"> fra id\u00e9stadiet til validerte forretningsplaner. <\/span><\/h2>\t\t\t\t<\/div>\n\t\t\t\t<\/div>\n\t\t<div class=\"elementor-element elementor-element-16554aa e-con-full e-flex e-con e-child\" data-id=\"16554aa\" data-element_type=\"container\">\n\t\t\t\t<\/div>\n\t\t\t\t\t<\/div>\n\t\t\t\t<\/div>\n\t\t<div class=\"elementor-element elementor-element-8750335 e-con-full e-flex e-con e-parent\" data-id=\"8750335\" data-element_type=\"container\">\n\t\t\t\t<div class=\"elementor-element elementor-element-89389bf elementor-widget elementor-widget-image\" data-id=\"89389bf\" data-element_type=\"widget\" data-widget_type=\"image.default\">\n\t\t\t\t\t\t\t\t\t\t\t\t\t\t\t<img fetchpriority=\"high\" decoding=\"async\" width=\"1440\" height=\"457\" src=\"https:\/\/innowriter.com\/wp-content\/uploads\/2025\/07\/Frame-427319424.png\" class=\"attachment-full size-full wp-image-1340\" alt=\"\" srcset=\"https:\/\/innowriter.com\/wp-content\/uploads\/2025\/07\/Frame-427319424.png 1440w, https:\/\/innowriter.com\/wp-content\/uploads\/2025\/07\/Frame-427319424-300x95.png 300w, https:\/\/innowriter.com\/wp-content\/uploads\/2025\/07\/Frame-427319424-1024x325.png 1024w, https:\/\/innowriter.com\/wp-content\/uploads\/2025\/07\/Frame-427319424-768x244.png 768w, https:\/\/innowriter.com\/wp-content\/uploads\/2025\/07\/Frame-427319424-18x6.png 18w\" sizes=\"(max-width: 1440px) 100vw, 1440px\" \/>\t\t\t\t\t\t\t\t\t\t\t\t\t\t\t<\/div>\n\t\t\t\t<\/div>\n\t\t<div class=\"elementor-element elementor-element-5757dbe e-flex e-con-boxed e-con e-parent\" data-id=\"5757dbe\" data-element_type=\"container\">\n\t\t\t\t\t<div class=\"e-con-inner\">\n\t\t<div class=\"elementor-element elementor-element-c44343a e-con-full e-flex e-con e-child\" data-id=\"c44343a\" data-element_type=\"container\">\n\t\t<div class=\"elementor-element elementor-element-7d7db84 e-con-full e-flex e-con e-child\" data-id=\"7d7db84\" data-element_type=\"container\">\n\t\t\t\t<div class=\"elementor-element elementor-element-6ddfaf0 elementor-widget elementor-widget-heading\" data-id=\"6ddfaf0\" data-element_type=\"widget\" data-widget_type=\"heading.default\">\n\t\t\t\t\t<h2 class=\"elementor-heading-title elementor-size-default\">V\u00e5r historie<\/h2>\t\t\t\t<\/div>\n\t\t\t\t<\/div>\n\t\t<div class=\"elementor-element elementor-element-f7764dc e-con-full e-flex e-con e-child\" data-id=\"f7764dc\" data-element_type=\"container\">\n\t\t\t\t<div class=\"elementor-element elementor-element-8154803 elementor-widget__width-initial elementor-widget elementor-widget-heading\" data-id=\"8154803\" data-element_type=\"widget\" data-widget_type=\"heading.default\">\n\t\t\t\t\t<h2 class=\"elementor-heading-title elementor-size-default\">Venture Builder AI ble grunnlagt for \u00e5 hjelpe flere oppstartsbedrifter med \u00e5 lykkes ved \u00e5 gj\u00f8re forretningsutvikling smartere, raskere og mer samarbeidsdrevet. Vi tror at gode selskaper bygges sammen \u2013 gjennom delt kunnskap, sterk st\u00f8tte og riktige verkt\u00f8y. V\u00e5r AI-drevne plattform gir gr\u00fcndere og r\u00e5dgivere mulighet til \u00e5 effektivisere prosesser, ta bedre beslutninger og akselerere vekst. Enten du er en oppstartsbedrift eller en r\u00e5dgiver, er vi her for \u00e5 hjelpe deg med \u00e5 lykkes. <\/h2>\t\t\t\t<\/div>\n\t\t\t\t<\/div>\n\t\t\t\t<\/div>\n\t\t\t\t\t<\/div>\n\t\t\t\t<\/div>\n\t\t<div class=\"elementor-element elementor-element-ccf8460 e-con-full e-flex e-con e-parent\" data-id=\"ccf8460\" data-element_type=\"container\">\n\t\t<div class=\"elementor-element elementor-element-b3ba1f3 e-con-full e-flex e-con e-child\" data-id=\"b3ba1f3\" data-element_type=\"container\" data-settings=\"{&quot;background_background&quot;:&quot;classic&quot;}\">\n\t\t\t\t<div class=\"elementor-element elementor-element-e873b77 elementor-widget__width-initial elementor-widget-mobile__width-initial elementor-widget elementor-widget-heading\" data-id=\"e873b77\" data-element_type=\"widget\" data-widget_type=\"heading.default\">\n\t\t\t\t\t<h2 class=\"elementor-heading-title elementor-size-default\">Kontakt oss<\/h2>\t\t\t\t<\/div>\n\t\t\t\t<div class=\"elementor-element elementor-element-7c59d84 elementor-widget-divider--view-line elementor-widget elementor-widget-divider\" data-id=\"7c59d84\" data-element_type=\"widget\" data-widget_type=\"divider.default\">\n\t\t\t\t\t\t\t<div class=\"elementor-divider\">\n\t\t\t<span class=\"elementor-divider-separator\">\n\t\t\t\t\t\t<\/span>\n\t\t<\/div>\n\t\t\t\t\t\t<\/div>\n\t\t\t\t<\/div>\n\t\t\t\t<\/div>\n\t\t<div class=\"elementor-element elementor-element-b0a5c56 e-flex e-con-boxed e-con e-parent\" data-id=\"b0a5c56\" data-element_type=\"container\">\n\t\t\t\t\t<div class=\"e-con-inner\">\n\t\t<div class=\"elementor-element elementor-element-6568c62 e-con-full e-flex e-con e-child\" data-id=\"6568c62\" data-element_type=\"container\">\n\t\t<div class=\"elementor-element elementor-element-1f1e265 e-con-full e-flex e-con e-child\" data-id=\"1f1e265\" data-element_type=\"container\">\n\t\t\t\t<div class=\"elementor-element elementor-element-e6aab3c elementor-widget__width-initial elementor-widget elementor-widget-image\" data-id=\"e6aab3c\" data-element_type=\"widget\" data-widget_type=\"image.default\">\n\t\t\t\t\t\t\t\t\t\t\t\t\t\t\t<img decoding=\"async\" width=\"410\" height=\"384\" src=\"https:\/\/innowriter.com\/wp-content\/uploads\/2025\/07\/Rectangle-6-8.png\" class=\"attachment-large size-large wp-image-1344\" alt=\"\" srcset=\"https:\/\/innowriter.com\/wp-content\/uploads\/2025\/07\/Rectangle-6-8.png 410w, https:\/\/innowriter.com\/wp-content\/uploads\/2025\/07\/Rectangle-6-8-300x281.png 300w, https:\/\/innowriter.com\/wp-content\/uploads\/2025\/07\/Rectangle-6-8-13x12.png 13w\" sizes=\"(max-width: 410px) 100vw, 410px\" \/>\t\t\t\t\t\t\t\t\t\t\t\t\t\t\t<\/div>\n\t\t\t\t<div class=\"elementor-element elementor-element-9078b99 elementor-widget__width-initial elementor-widget elementor-widget-heading\" data-id=\"9078b99\" data-element_type=\"widget\" data-widget_type=\"heading.default\">\n\t\t\t\t\t<h2 class=\"elementor-heading-title elementor-size-default\">Lars Inge Leirfl\u00e5t<\/h2>\t\t\t\t<\/div>\n\t\t<div class=\"elementor-element elementor-element-96d0048 e-con-full e-flex e-con e-child\" data-id=\"96d0048\" data-element_type=\"container\">\n\t\t\t\t<div class=\"elementor-element elementor-element-993f833 elementor-widget__width-initial elementor-widget elementor-widget-heading\" data-id=\"993f833\" data-element_type=\"widget\" data-widget_type=\"heading.default\">\n\t\t\t\t\t<h2 class=\"elementor-heading-title elementor-size-default\">Founder &amp; CEO\u200b<\/h2>\t\t\t\t<\/div>\n\t\t\t\t<div class=\"elementor-element elementor-element-a2be935 elementor-view-default elementor-widget elementor-widget-icon\" data-id=\"a2be935\" data-element_type=\"widget\" data-widget_type=\"icon.default\">\n\t\t\t\t\t\t\t<div class=\"elementor-icon-wrapper\">\n\t\t\t<a class=\"elementor-icon\" href=\"https:\/\/www.linkedin.com\/in\/larsingeleirflaat\/?utm_source=share&#038;utm_campaign=share_via&#038;utm_content=profile&#038;utm_medium=android_app\">\n\t\t\t<svg aria-hidden=\"true\" class=\"e-font-icon-svg e-fab-linkedin\" viewbox=\"0 0 448 512\" xmlns=\"http:\/\/www.w3.org\/2000\/svg\"><path d=\"M416 32H31.9C14.3 32 0 46.5 0 64.3v383.4C0 465.5 14.3 480 31.9 480H416c17.6 0 32-14.5 32-32.3V64.3c0-17.8-14.4-32.3-32-32.3zM135.4 416H69V202.2h66.5V416zm-33.2-243c-21.3 0-38.5-17.3-38.5-38.5S80.9 96 102.2 96c21.2 0 38.5 17.3 38.5 38.5 0 21.3-17.2 38.5-38.5 38.5zm282.1 243h-66.4V312c0-24.8-.5-56.7-34.5-56.7-34.6 0-39.9 27-39.9 54.9V416h-66.4V202.2h63.7v29.2h.9c8.9-16.8 30.6-34.5 62.9-34.5 67.2 0 79.7 44.3 79.7 101.9V416z\"><\/path><\/svg>\t\t\t<\/a>\n\t\t<\/div>\n\t\t\t\t\t\t<\/div>\n\t\t\t\t<\/div>\n\t\t\t\t<\/div>\n\t\t\t\t<\/div>\n\t\t<div class=\"elementor-element elementor-element-9723648 e-con-full e-flex e-con e-child\" data-id=\"9723648\" data-element_type=\"container\">\n\t\t\t\t<div class=\"elementor-element elementor-element-8836c1c elementor-widget elementor-widget-heading\" data-id=\"8836c1c\" data-element_type=\"widget\" data-widget_type=\"heading.default\">\n\t\t\t\t\t<h2 class=\"elementor-heading-title elementor-size-default\">Finn riktig tidspunkt og sett opp en samtale\n<\/h2>\t\t\t\t<\/div>\n\t\t\t\t<div class=\"elementor-element elementor-element-04b883c elementor-widget elementor-widget-html\" data-id=\"04b883c\" data-element_type=\"widget\" data-widget_type=\"html.default\">\n\t\t\t\t\t<!-- Cal inline embed code begins -->\n<div style=\"width:100%;height:100%;overflow:scroll\" id=\"my-cal-inline\"><\/div>\n<script type=\"text\/javascript\">\n  (function (C, A, L) { let p = function (a, ar) { a.q.push(ar); }; let d = C.document; C.Cal = C.Cal || function () { let cal = C.Cal; let ar = arguments; if (!cal.loaded) { cal.ns = {}; cal.q = cal.q || []; d.head.appendChild(d.createElement(\"script\")).src = A; cal.loaded = true; } if (ar[0] === L) { const api = function () { p(api, arguments); }; const namespace = ar[1]; api.q = api.q || []; if(typeof namespace === \"string\"){cal.ns[namespace] = cal.ns[namespace] || api;p(cal.ns[namespace], ar);p(cal, [\"initNamespace\", namespace]);} else p(cal, ar); return;} p(cal, ar); }; })(window, \"https:\/\/app.cal.com\/embed\/embed.js\", \"init\");\nCal(\"init\", \"30min\", {origin:\"https:\/\/cal.com\"});\n\n  Cal.ns[\"30min\"](\"inline\", {\n    elementOrSelector:\"#my-cal-inline\",\n    config: {\"layout\":\"month_view\",\"theme\":\"light\"},\n    calLink: \"lars-leirflat-1ktwoi\/30min\",\n  });\n\n  Cal.ns[\"30min\"](\"ui\", {\"theme\":\"light\",\"hideEventTypeDetails\":false,\"layout\":\"month_view\"});\n  <\/script>\n  <!-- Cal inline embed code ends -->\t\t\t\t<\/div>\n\t\t\t\t<\/div>\n\t\t\t\t\t<\/div>\n\t\t\t\t<\/div>\n\t\t\t\t<\/div>","protected":false},"excerpt":{"rendered":"<p>We Guide your startup clients from idea into validated plans. Our Story Venture Builder AI was founded to help more startups succeed by making business development smarter, faster, and more collaborative. We believe great companies are built together\u2014through shared knowledge, strong support, and the right tools. Our AI-driven platform empowers founders and advisors to streamline [&hellip;]<\/p>","protected":false},"author":1,"featured_media":0,"parent":0,"menu_order":0,"comment_status":"closed","ping_status":"closed","template":"","meta":{"_acf_changed":false,"footnotes":""},"class_list":["post-1333","page","type-page","status-publish","hentry"],"acf":[],"yoast_head":"<!-- This site is optimized with the Yoast SEO plugin v25.5 - https:\/\/yoast.com\/wordpress\/plugins\/seo\/ -->\n<title>About - Innowriter<\/title>\n<meta name=\"robots\" content=\"index, follow, max-snippet:-1, max-image-preview:large, max-video-preview:-1\" \/>\n<link rel=\"canonical\" href=\"https:\/\/innowriter.com\/nb\/about\/\" \/>\n<meta property=\"og:locale\" content=\"nb_NO\" \/>\n<meta property=\"og:type\" content=\"article\" \/>\n<meta property=\"og:title\" content=\"About - Innowriter\" \/>\n<meta property=\"og:description\" content=\"We Guide your startup clients from idea into validated plans. Our Story Venture Builder AI was founded to help more startups succeed by making business development smarter, faster, and more collaborative. We believe great companies are built together\u2014through shared knowledge, strong support, and the right tools. Our AI-driven platform empowers founders and advisors to streamline [&hellip;]\" \/>\n<meta property=\"og:url\" content=\"https:\/\/innowriter.com\/nb\/about\/\" \/>\n<meta property=\"og:site_name\" content=\"Innowriter\" \/>\n<meta property=\"article:modified_time\" content=\"2025-07-28T10:01:04+00:00\" \/>\n<meta property=\"og:image\" content=\"https:\/\/innowriter.com\/wp-content\/uploads\/2025\/07\/Frame-427319424.png\" \/>\n\t<meta property=\"og:image:width\" content=\"1440\" \/>\n\t<meta property=\"og:image:height\" content=\"457\" \/>\n\t<meta property=\"og:image:type\" content=\"image\/png\" \/>\n<meta name=\"twitter:card\" content=\"summary_large_image\" \/>\n<meta name=\"twitter:label1\" content=\"Ansl. lesetid\" \/>\n\t<meta name=\"twitter:data1\" content=\"1 minutt\" \/>\n<script type=\"application\/ld+json\" class=\"yoast-schema-graph\">{\"@context\":\"https:\/\/schema.org\",\"@graph\":[{\"@type\":\"WebPage\",\"@id\":\"https:\/\/innowriter.com\/about\/\",\"url\":\"https:\/\/innowriter.com\/about\/\",\"name\":\"About - Innowriter\",\"isPartOf\":{\"@id\":\"https:\/\/innowriter.com\/#website\"},\"primaryImageOfPage\":{\"@id\":\"https:\/\/innowriter.com\/about\/#primaryimage\"},\"image\":{\"@id\":\"https:\/\/innowriter.com\/about\/#primaryimage\"},\"thumbnailUrl\":\"https:\/\/innowriter.com\/wp-content\/uploads\/2025\/07\/Frame-427319424.png\",\"datePublished\":\"2025-07-28T09:16:05+00:00\",\"dateModified\":\"2025-07-28T10:01:04+00:00\",\"breadcrumb\":{\"@id\":\"https:\/\/innowriter.com\/about\/#breadcrumb\"},\"inLanguage\":\"nb-NO\",\"potentialAction\":[{\"@type\":\"ReadAction\",\"target\":[\"https:\/\/innowriter.com\/about\/\"]}]},{\"@type\":\"ImageObject\",\"inLanguage\":\"nb-NO\",\"@id\":\"https:\/\/innowriter.com\/about\/#primaryimage\",\"url\":\"https:\/\/innowriter.com\/wp-content\/uploads\/2025\/07\/Frame-427319424.png\",\"contentUrl\":\"https:\/\/innowriter.com\/wp-content\/uploads\/2025\/07\/Frame-427319424.png\"},{\"@type\":\"BreadcrumbList\",\"@id\":\"https:\/\/innowriter.com\/about\/#breadcrumb\",\"itemListElement\":[{\"@type\":\"ListItem\",\"position\":1,\"name\":\"Home\",\"item\":\"https:\/\/innowriter.com\/\"},{\"@type\":\"ListItem\",\"position\":2,\"name\":\"About\"}]},{\"@type\":\"WebSite\",\"@id\":\"https:\/\/innowriter.com\/#website\",\"url\":\"https:\/\/innowriter.com\/\",\"name\":\"Innowriter\",\"description\":\"Built for Founders.  Empowering Advisors.\",\"publisher\":{\"@id\":\"https:\/\/innowriter.com\/#organization\"},\"potentialAction\":[{\"@type\":\"SearchAction\",\"target\":{\"@type\":\"EntryPoint\",\"urlTemplate\":\"https:\/\/innowriter.com\/?s={search_term_string}\"},\"query-input\":{\"@type\":\"PropertyValueSpecification\",\"valueRequired\":true,\"valueName\":\"search_term_string\"}}],\"inLanguage\":\"nb-NO\"},{\"@type\":\"Organization\",\"@id\":\"https:\/\/innowriter.com\/#organization\",\"name\":\"Venture Builder AI\",\"alternateName\":\"innowriter\",\"url\":\"https:\/\/innowriter.com\/\",\"logo\":{\"@type\":\"ImageObject\",\"inLanguage\":\"nb-NO\",\"@id\":\"https:\/\/innowriter.com\/#\/schema\/logo\/image\/\",\"url\":\"https:\/\/innowriter.com\/wp-content\/uploads\/2025\/07\/Logo-2.png\",\"contentUrl\":\"https:\/\/innowriter.com\/wp-content\/uploads\/2025\/07\/Logo-2.png\",\"width\":620,\"height\":189,\"caption\":\"Venture Builder AI\"},\"image\":{\"@id\":\"https:\/\/innowriter.com\/#\/schema\/logo\/image\/\"},\"sameAs\":[\"https:\/\/www.linkedin.com\/company\/105160541\/admin\/dashboard\/\"]}]}<\/script>\n<!-- \/ Yoast SEO plugin. -->","yoast_head_json":{"title":"About - Innowriter","robots":{"index":"index","follow":"follow","max-snippet":"max-snippet:-1","max-image-preview":"max-image-preview:large","max-video-preview":"max-video-preview:-1"},"canonical":"https:\/\/innowriter.com\/nb\/about\/","og_locale":"nb_NO","og_type":"article","og_title":"About - Innowriter","og_description":"We Guide your startup clients from idea into validated plans. Our Story Venture Builder AI was founded to help more startups succeed by making business development smarter, faster, and more collaborative. We believe great companies are built together\u2014through shared knowledge, strong support, and the right tools. Our AI-driven platform empowers founders and advisors to streamline [&hellip;]","og_url":"https:\/\/innowriter.com\/nb\/about\/","og_site_name":"Innowriter","article_modified_time":"2025-07-28T10:01:04+00:00","og_image":[{"width":1440,"height":457,"url":"https:\/\/innowriter.com\/wp-content\/uploads\/2025\/07\/Frame-427319424.png","type":"image\/png"}],"twitter_card":"summary_large_image","twitter_misc":{"Ansl. lesetid":"1 minutt"},"schema":{"@context":"https:\/\/schema.org","@graph":[{"@type":"WebPage","@id":"https:\/\/innowriter.com\/about\/","url":"https:\/\/innowriter.com\/about\/","name":"About - Innowriter","isPartOf":{"@id":"https:\/\/innowriter.com\/#website"},"primaryImageOfPage":{"@id":"https:\/\/innowriter.com\/about\/#primaryimage"},"image":{"@id":"https:\/\/innowriter.com\/about\/#primaryimage"},"thumbnailUrl":"https:\/\/innowriter.com\/wp-content\/uploads\/2025\/07\/Frame-427319424.png","datePublished":"2025-07-28T09:16:05+00:00","dateModified":"2025-07-28T10:01:04+00:00","breadcrumb":{"@id":"https:\/\/innowriter.com\/about\/#breadcrumb"},"inLanguage":"nb-NO","potentialAction":[{"@type":"ReadAction","target":["https:\/\/innowriter.com\/about\/"]}]},{"@type":"ImageObject","inLanguage":"nb-NO","@id":"https:\/\/innowriter.com\/about\/#primaryimage","url":"https:\/\/innowriter.com\/wp-content\/uploads\/2025\/07\/Frame-427319424.png","contentUrl":"https:\/\/innowriter.com\/wp-content\/uploads\/2025\/07\/Frame-427319424.png"},{"@type":"BreadcrumbList","@id":"https:\/\/innowriter.com\/about\/#breadcrumb","itemListElement":[{"@type":"ListItem","position":1,"name":"Home","item":"https:\/\/innowriter.com\/"},{"@type":"ListItem","position":2,"name":"About"}]},{"@type":"WebSite","@id":"https:\/\/innowriter.com\/#website","url":"https:\/\/innowriter.com\/","name":"Innowriter","description":"Built for Founders.  Empowering Advisors.","publisher":{"@id":"https:\/\/innowriter.com\/#organization"},"potentialAction":[{"@type":"SearchAction","target":{"@type":"EntryPoint","urlTemplate":"https:\/\/innowriter.com\/?s={search_term_string}"},"query-input":{"@type":"PropertyValueSpecification","valueRequired":true,"valueName":"search_term_string"}}],"inLanguage":"nb-NO"},{"@type":"Organization","@id":"https:\/\/innowriter.com\/#organization","name":"Venture Builder AI","alternateName":"innowriter","url":"https:\/\/innowriter.com\/","logo":{"@type":"ImageObject","inLanguage":"nb-NO","@id":"https:\/\/innowriter.com\/#\/schema\/logo\/image\/","url":"https:\/\/innowriter.com\/wp-content\/uploads\/2025\/07\/Logo-2.png","contentUrl":"https:\/\/innowriter.com\/wp-content\/uploads\/2025\/07\/Logo-2.png","width":620,"height":189,"caption":"Venture Builder AI"},"image":{"@id":"https:\/\/innowriter.com\/#\/schema\/logo\/image\/"},"sameAs":["https:\/\/www.linkedin.com\/company\/105160541\/admin\/dashboard\/"]}]}},"_links":{"self":[{"href":"https:\/\/innowriter.com\/nb\/wp-json\/wp\/v2\/pages\/1333","targetHints":{"allow":["GET"]}}],"collection":[{"href":"https:\/\/innowriter.com\/nb\/wp-json\/wp\/v2\/pages"}],"about":[{"href":"https:\/\/innowriter.com\/nb\/wp-json\/wp\/v2\/types\/page"}],"author":[{"embeddable":true,"href":"https:\/\/innowriter.com\/nb\/wp-json\/wp\/v2\/users\/1"}],"replies":[{"embeddable":true,"href":"https:\/\/innowriter.com\/nb\/wp-json\/wp\/v2\/comments?post=1333"}],"version-history":[{"count":25,"href":"https:\/\/innowriter.com\/nb\/wp-json\/wp\/v2\/pages\/1333\/revisions"}],"predecessor-version":[{"id":1364,"href":"https:\/\/innowriter.com\/nb\/wp-json\/wp\/v2\/pages\/1333\/revisions\/1364"}],"wp:attachment":[{"href":"https:\/\/innowriter.com\/nb\/wp-json\/wp\/v2\/media?parent=1333"}],"curies":[{"name":"wp","href":"https:\/\/api.w.org\/{rel}","templated":true}]}}